{"id":1760,"date":"2025-12-20T19:19:11","date_gmt":"2025-12-20T19:19:11","guid":{"rendered":"https:\/\/destinysolutions.com.br\/?page_id=1760"},"modified":"2025-12-20T19:20:24","modified_gmt":"2025-12-20T19:20:24","slug":"obrigado","status":"publish","type":"page","link":"https:\/\/destinysolutions.com.br\/index.php\/obrigado\/","title":{"rendered":"obrigado"},"content":{"rendered":"\t\t<div data-elementor-type=\"wp-page\" data-elementor-id=\"1760\" class=\"elementor elementor-1760\" data-elementor-settings=\"{&quot;ha_cmc_init_switcher&quot;:&quot;no&quot;}\" data-elementor-post-type=\"page\">\n\t\t\t\t<header class=\"elementor-element elementor-element-eba965a e-con-full e-flex e-con e-parent\" data-id=\"eba965a\" data-element_type=\"container\" data-e-type=\"container\" data-settings=\"{&quot;background_background&quot;:&quot;classic&quot;,&quot;_ha_eqh_enable&quot;:false}\">\n\t\t<div class=\"elementor-element elementor-element-d6e0e6b e-con-full e-flex e-con e-child\" data-id=\"d6e0e6b\" data-element_type=\"container\" data-e-type=\"container\" data-settings=\"{&quot;_ha_eqh_enable&quot;:false}\">\n\t\t\t\t<div class=\"elementor-element elementor-element-fe41af8 elementor-widget elementor-widget-image\" data-id=\"fe41af8\" data-element_type=\"widget\" data-e-type=\"widget\" data-widget_type=\"image.default\">\n\t\t\t\t<div class=\"elementor-widget-container\">\n\t\t\t\t\t\t\t\t\t\t\t\t\t\t\t<img decoding=\"async\" width=\"150\" height=\"150\" src=\"https:\/\/destinysolutions.com.br\/wp-content\/uploads\/2025\/12\/WhatsApp-Image-2025-10-07-at-22.04.41-150x150.jpeg\" class=\"attachment-thumbnail size-thumbnail wp-image-1701\" alt=\"\" srcset=\"https:\/\/destinysolutions.com.br\/wp-content\/uploads\/2025\/12\/WhatsApp-Image-2025-10-07-at-22.04.41-150x150.jpeg 150w, https:\/\/destinysolutions.com.br\/wp-content\/uploads\/2025\/12\/WhatsApp-Image-2025-10-07-at-22.04.41-300x300.jpeg 300w, https:\/\/destinysolutions.com.br\/wp-content\/uploads\/2025\/12\/WhatsApp-Image-2025-10-07-at-22.04.41-768x768.jpeg 768w, https:\/\/destinysolutions.com.br\/wp-content\/uploads\/2025\/12\/WhatsApp-Image-2025-10-07-at-22.04.41.jpeg 1024w\" sizes=\"(max-width: 150px) 100vw, 150px\" \/>\t\t\t\t\t\t\t\t\t\t\t\t\t\t\t<\/div>\n\t\t\t\t<\/div>\n\t\t\t\t<div class=\"elementor-element elementor-element-33d6ce3 elementor-widget elementor-widget-heading\" data-id=\"33d6ce3\" data-element_type=\"widget\" data-e-type=\"widget\" data-widget_type=\"heading.default\">\n\t\t\t\t<div class=\"elementor-widget-container\">\n\t\t\t\t\t<h1 class=\"elementor-heading-title elementor-size-default\">Obrigado por participar! <br>\nSua opini\u00e3o faz parte da evolu\u00e7\u00e3o deste curso. Em breve, novidades!<\/h1>\t\t\t\t<\/div>\n\t\t\t\t<\/div>\n\t\t\t\t<\/div>\n\t\t\t\t<\/header>\n\t\t\t\t<\/div>\n\t\t","protected":false},"excerpt":{"rendered":"<p>Obrigado por participar! Sua opini\u00e3o faz parte da evolu\u00e7\u00e3o deste curso. Em breve, novidades!<\/p>\n","protected":false},"author":1,"featured_media":0,"parent":0,"menu_order":0,"comment_status":"closed","ping_status":"closed","template":"elementor_canvas","meta":{"iawp_total_views":2,"footnotes":""},"class_list":["post-1760","page","type-page","status-publish","hentry"],"_links":{"self":[{"href":"https:\/\/destinysolutions.com.br\/index.php\/wp-json\/wp\/v2\/pages\/1760","targetHints":{"allow":["GET"]}}],"collection":[{"href":"https:\/\/destinysolutions.com.br\/index.php\/wp-json\/wp\/v2\/pages"}],"about":[{"href":"https:\/\/destinysolutions.com.br\/index.php\/wp-json\/wp\/v2\/types\/page"}],"author":[{"embeddable":true,"href":"https:\/\/destinysolutions.com.br\/index.php\/wp-json\/wp\/v2\/users\/1"}],"replies":[{"embeddable":true,"href":"https:\/\/destinysolutions.com.br\/index.php\/wp-json\/wp\/v2\/comments?post=1760"}],"version-history":[{"count":10,"href":"https:\/\/destinysolutions.com.br\/index.php\/wp-json\/wp\/v2\/pages\/1760\/revisions"}],"predecessor-version":[{"id":1770,"href":"https:\/\/destinysolutions.com.br\/index.php\/wp-json\/wp\/v2\/pages\/1760\/revisions\/1770"}],"wp:attachment":[{"href":"https:\/\/destinysolutions.com.br\/index.php\/wp-json\/wp\/v2\/media?parent=1760"}],"curies":[{"name":"wp","href":"https:\/\/api.w.org\/{rel}","templated":true}]}}